{"id":2792,"date":"2016-10-20T09:26:10","date_gmt":"2016-10-20T07:26:10","guid":{"rendered":"http:\/\/www.dr-seidlitz.de\/wordpress\/?page_id=2792"},"modified":"2024-09-24T21:40:57","modified_gmt":"2024-09-24T19:40:57","slug":"impressum","status":"publish","type":"page","link":"https:\/\/www.dr-seidlitz.de\/wordpress\/impressum\/","title":{"rendered":"DEV &#8211; Impressum"},"content":{"rendered":"<p>[vc_row][vc_column width=&#8220;1\/2&#8243;][vc_column_text]Inhaber der Domain<br \/>\nwww.dr-seidlitz.de und Verantwortlicher f\u00fcr die Inhalte:<br \/>\nDr. Frank-Roland Seidlitz<br \/>\nHeinrich-Zille-Stra\u00dfe 22<br \/>\nD-14943 Luckenwalde<\/p>\n<p>Fon: (03371) 613341<br \/>\nFax: (03371) 401293<br \/>\nFunk: (0171) 6744566<br \/>\neMail: info@dr-seidlitz.de[\/vc_column_text][\/vc_column][vc_column width=&#8220;1\/2&#8243;][vc_column_text][\/vc_column_text][vc_column_text]Handelsregister:<\/p>\n<p>kein Eintrag<\/p>\n<p>USt-Identnummer:<br \/>\nkeine<\/p>\n<p>Die Fotos stammen von Christian Schwarz.[\/vc_column_text][\/vc_column][\/vc_row][vc_row][vc_column width=&#8220;&#8220; css=&#8220;.vc_custom_1480512546671{padding-top: 50px !important;}&#8220;][vc_column_text]<strong>Haftungsausschluss\/ <\/strong><strong>Rechtliche Hinweise:<\/strong><\/p>\n<p>Die Inhalte dieser Website wurden mit gr\u00f6\u00dfter Sorgfalt erstellt. F\u00fcr die Richtigkeit, Vollst\u00e4ndigkeit und Aktualit\u00e4t der Inhalte \u00fcbernimmt der Autor jedoch keine Haftung.<\/p>\n<p>Unser Angebot enth\u00e4lt Links zu anderen Websites. F\u00fcr die Inhalte der verlinkten Seiten ist der jeweilige Anbieter verantwortlich. Die Inhalte der Seiten wurden zum Zeitpunkt der Verlinkung auf m\u00f6gliche Rechtsverst\u00f6\u00dfe \u00fcberpr\u00fcft; diese lagen nicht vor. Der Autor distanziert sich hiermit ausdr\u00fccklich von nach der Link-Ver\u00f6ffentlichung ge\u00e4nderten Inhalten. Sollten Ihnen rechtswidrige Inhalte auf den verlinkten Seiten auffallen, bitten wir um Benachrichtigung. Wir werden diese Links nach Pr\u00fcfung unverz\u00fcglich entfernen.<\/p>\n<p>Die Inhalte der Website unterliegen dem Urheberrecht. Vervielf\u00e4ltigung und anderweitige Nutzung bed\u00fcrfen der schriftlichen Zustimmung des Autors. Verwendetes Bild- und Textmaterial wurde selbst erstellt bzw. unterliegt keinen fremden Nutzungrechten.<\/p>\n<p>Sollten ein oder mehrere Teile dieses Haftungsausschlusses auf Grund geltenden Rechts unwirksam sein, wird die G\u00fcltigkeit aller anderen Teile dadurch nicht beeintr\u00e4chtigt.[\/vc_column_text][\/vc_column][\/vc_row]<\/p>\n","protected":false},"excerpt":{"rendered":"<p>[vc_row][vc_column width=&#8220;1\/2&#8243;][vc_column_text]Inhaber der Domain www.dr-seidlitz.de und Verantwortlicher f\u00fcr die Inhalte: Dr. Frank-Roland Seidlitz Heinrich-Zille-Stra\u00dfe 22 D-14943 Luckenwalde Fon: (03371) 613341 Fax: (03371) 401293 Funk: (0171) 6744566 eMail: info@dr-seidlitz.de[\/vc_column_text][\/vc_column][vc_column width=&#8220;1\/2&#8243;][vc_column_text][\/vc_column_text][vc_column_text]Handelsregister: kein Eintrag USt-Identnummer: keine Die Fotos stammen von Christian Schwarz.[\/vc_column_text][\/vc_column][\/vc_row][vc_row][vc_column width=&#8220;&#8220; css=&#8220;.vc_custom_1480512546671{padding-top: 50px !important;}&#8220;][vc_column_text]Haftungsausschluss\/ Rechtliche Hinweise: Die Inhalte dieser Website wurden mit gr\u00f6\u00dfter Sorgfalt erstellt. F\u00fcr [&hellip;]<\/p>\n","protected":false},"author":1,"featured_media":0,"parent":0,"menu_order":0,"comment_status":"closed","ping_status":"closed","template":"","meta":{"footnotes":""},"class_list":["post-2792","page","type-page","status-publish","hentry"],"yoast_head":"<!-- This site is optimized with the Yoast SEO plugin v24.7 - https:\/\/yoast.com\/wordpress\/plugins\/seo\/ -->\n<title>DEV - Impressum - Dr. Seidlitz - Ingenieurb\u00fcro<\/title>\n<meta name=\"robots\" content=\"index, follow, max-snippet:-1, max-image-preview:large, max-video-preview:-1\" \/>\n<link rel=\"canonical\" href=\"https:\/\/www.dr-seidlitz.de\/wordpress\/impressum\/\" \/>\n<meta property=\"og:locale\" content=\"de_DE\" \/>\n<meta property=\"og:type\" content=\"article\" \/>\n<meta property=\"og:title\" content=\"DEV - Impressum - Dr. Seidlitz - Ingenieurb\u00fcro\" \/>\n<meta property=\"og:description\" content=\"[vc_row][vc_column width=&#8220;1\/2&#8243;][vc_column_text]Inhaber der Domain www.dr-seidlitz.de und Verantwortlicher f\u00fcr die Inhalte: Dr. Frank-Roland Seidlitz Heinrich-Zille-Stra\u00dfe 22 D-14943 Luckenwalde Fon: (03371) 613341 Fax: (03371) 401293 Funk: (0171) 6744566 eMail: info@dr-seidlitz.de[\/vc_column_text][\/vc_column][vc_column width=&#8220;1\/2&#8243;][vc_column_text][\/vc_column_text][vc_column_text]Handelsregister: kein Eintrag USt-Identnummer: keine Die Fotos stammen von Christian Schwarz.[\/vc_column_text][\/vc_column][\/vc_row][vc_row][vc_column width=&#8220;&#8220; css=&#8220;.vc_custom_1480512546671{padding-top: 50px !important;}&#8220;][vc_column_text]Haftungsausschluss\/ Rechtliche Hinweise: Die Inhalte dieser Website wurden mit gr\u00f6\u00dfter Sorgfalt erstellt. F\u00fcr [&hellip;]\" \/>\n<meta property=\"og:url\" content=\"https:\/\/www.dr-seidlitz.de\/wordpress\/impressum\/\" \/>\n<meta property=\"og:site_name\" content=\"Dr. Seidlitz - Ingenieurb\u00fcro\" \/>\n<meta property=\"article:modified_time\" content=\"2024-09-24T19:40:57+00:00\" \/>\n<meta name=\"twitter:card\" content=\"summary_large_image\" \/>\n<meta name=\"twitter:label1\" content=\"Gesch\u00e4tzte Lesezeit\" \/>\n\t<meta name=\"twitter:data1\" content=\"2\u00a0Minuten\" \/>\n<script type=\"application\/ld+json\" class=\"yoast-schema-graph\">{\"@context\":\"https:\/\/schema.org\",\"@graph\":[{\"@type\":\"WebPage\",\"@id\":\"https:\/\/www.dr-seidlitz.de\/wordpress\/impressum\/\",\"url\":\"https:\/\/www.dr-seidlitz.de\/wordpress\/impressum\/\",\"name\":\"DEV - Impressum - Dr. Seidlitz - Ingenieurb\u00fcro\",\"isPartOf\":{\"@id\":\"https:\/\/www.dr-seidlitz.de\/wordpress\/#website\"},\"datePublished\":\"2016-10-20T07:26:10+00:00\",\"dateModified\":\"2024-09-24T19:40:57+00:00\",\"breadcrumb\":{\"@id\":\"https:\/\/www.dr-seidlitz.de\/wordpress\/impressum\/#breadcrumb\"},\"inLanguage\":\"de\",\"potentialAction\":[{\"@type\":\"ReadAction\",\"target\":[\"https:\/\/www.dr-seidlitz.de\/wordpress\/impressum\/\"]}]},{\"@type\":\"BreadcrumbList\",\"@id\":\"https:\/\/www.dr-seidlitz.de\/wordpress\/impressum\/#breadcrumb\",\"itemListElement\":[{\"@type\":\"ListItem\",\"position\":1,\"name\":\"Startseite\",\"item\":\"https:\/\/www.dr-seidlitz.de\/wordpress\/\"},{\"@type\":\"ListItem\",\"position\":2,\"name\":\"DEV &#8211; Impressum\"}]},{\"@type\":\"WebSite\",\"@id\":\"https:\/\/www.dr-seidlitz.de\/wordpress\/#website\",\"url\":\"https:\/\/www.dr-seidlitz.de\/wordpress\/\",\"name\":\"Dr. Seidlitz - Ingenieurb\u00fcro\",\"description\":\"Management Beratung Qualifizierung\",\"potentialAction\":[{\"@type\":\"SearchAction\",\"target\":{\"@type\":\"EntryPoint\",\"urlTemplate\":\"https:\/\/www.dr-seidlitz.de\/wordpress\/?s={search_term_string}\"},\"query-input\":{\"@type\":\"PropertyValueSpecification\",\"valueRequired\":true,\"valueName\":\"search_term_string\"}}],\"inLanguage\":\"de\"}]}<\/script>\n<!-- \/ Yoast SEO plugin. -->","yoast_head_json":{"title":"DEV - Impressum - Dr. Seidlitz - Ingenieurb\u00fcro","robots":{"index":"index","follow":"follow","max-snippet":"max-snippet:-1","max-image-preview":"max-image-preview:large","max-video-preview":"max-video-preview:-1"},"canonical":"https:\/\/www.dr-seidlitz.de\/wordpress\/impressum\/","og_locale":"de_DE","og_type":"article","og_title":"DEV - Impressum - Dr. Seidlitz - Ingenieurb\u00fcro","og_description":"[vc_row][vc_column width=&#8220;1\/2&#8243;][vc_column_text]Inhaber der Domain www.dr-seidlitz.de und Verantwortlicher f\u00fcr die Inhalte: Dr. Frank-Roland Seidlitz Heinrich-Zille-Stra\u00dfe 22 D-14943 Luckenwalde Fon: (03371) 613341 Fax: (03371) 401293 Funk: (0171) 6744566 eMail: info@dr-seidlitz.de[\/vc_column_text][\/vc_column][vc_column width=&#8220;1\/2&#8243;][vc_column_text][\/vc_column_text][vc_column_text]Handelsregister: kein Eintrag USt-Identnummer: keine Die Fotos stammen von Christian Schwarz.[\/vc_column_text][\/vc_column][\/vc_row][vc_row][vc_column width=&#8220;&#8220; css=&#8220;.vc_custom_1480512546671{padding-top: 50px !important;}&#8220;][vc_column_text]Haftungsausschluss\/ Rechtliche Hinweise: Die Inhalte dieser Website wurden mit gr\u00f6\u00dfter Sorgfalt erstellt. F\u00fcr [&hellip;]","og_url":"https:\/\/www.dr-seidlitz.de\/wordpress\/impressum\/","og_site_name":"Dr. Seidlitz - Ingenieurb\u00fcro","article_modified_time":"2024-09-24T19:40:57+00:00","twitter_card":"summary_large_image","twitter_misc":{"Gesch\u00e4tzte Lesezeit":"2\u00a0Minuten"},"schema":{"@context":"https:\/\/schema.org","@graph":[{"@type":"WebPage","@id":"https:\/\/www.dr-seidlitz.de\/wordpress\/impressum\/","url":"https:\/\/www.dr-seidlitz.de\/wordpress\/impressum\/","name":"DEV - Impressum - Dr. Seidlitz - Ingenieurb\u00fcro","isPartOf":{"@id":"https:\/\/www.dr-seidlitz.de\/wordpress\/#website"},"datePublished":"2016-10-20T07:26:10+00:00","dateModified":"2024-09-24T19:40:57+00:00","breadcrumb":{"@id":"https:\/\/www.dr-seidlitz.de\/wordpress\/impressum\/#breadcrumb"},"inLanguage":"de","potentialAction":[{"@type":"ReadAction","target":["https:\/\/www.dr-seidlitz.de\/wordpress\/impressum\/"]}]},{"@type":"BreadcrumbList","@id":"https:\/\/www.dr-seidlitz.de\/wordpress\/impressum\/#breadcrumb","itemListElement":[{"@type":"ListItem","position":1,"name":"Startseite","item":"https:\/\/www.dr-seidlitz.de\/wordpress\/"},{"@type":"ListItem","position":2,"name":"DEV &#8211; Impressum"}]},{"@type":"WebSite","@id":"https:\/\/www.dr-seidlitz.de\/wordpress\/#website","url":"https:\/\/www.dr-seidlitz.de\/wordpress\/","name":"Dr. Seidlitz - Ingenieurb\u00fcro","description":"Management Beratung Qualifizierung","potentialAction":[{"@type":"SearchAction","target":{"@type":"EntryPoint","urlTemplate":"https:\/\/www.dr-seidlitz.de\/wordpress\/?s={search_term_string}"},"query-input":{"@type":"PropertyValueSpecification","valueRequired":true,"valueName":"search_term_string"}}],"inLanguage":"de"}]}},"_links":{"self":[{"href":"https:\/\/www.dr-seidlitz.de\/wordpress\/wp-json\/wp\/v2\/pages\/2792","targetHints":{"allow":["GET"]}}],"collection":[{"href":"https:\/\/www.dr-seidlitz.de\/wordpress\/wp-json\/wp\/v2\/pages"}],"about":[{"href":"https:\/\/www.dr-seidlitz.de\/wordpress\/wp-json\/wp\/v2\/types\/page"}],"author":[{"embeddable":true,"href":"https:\/\/www.dr-seidlitz.de\/wordpress\/wp-json\/wp\/v2\/users\/1"}],"replies":[{"embeddable":true,"href":"https:\/\/www.dr-seidlitz.de\/wordpress\/wp-json\/wp\/v2\/comments?post=2792"}],"version-history":[{"count":11,"href":"https:\/\/www.dr-seidlitz.de\/wordpress\/wp-json\/wp\/v2\/pages\/2792\/revisions"}],"predecessor-version":[{"id":3289,"href":"https:\/\/www.dr-seidlitz.de\/wordpress\/wp-json\/wp\/v2\/pages\/2792\/revisions\/3289"}],"wp:attachment":[{"href":"https:\/\/www.dr-seidlitz.de\/wordpress\/wp-json\/wp\/v2\/media?parent=2792"}],"curies":[{"name":"wp","href":"https:\/\/api.w.org\/{rel}","templated":true}]}}