{"id":3161,"date":"2024-09-24T00:32:33","date_gmt":"2024-09-23T22:32:33","guid":{"rendered":"https:\/\/www.dr-seidlitz.de\/wordpress\/?page_id=3161"},"modified":"2024-10-02T13:06:24","modified_gmt":"2024-10-02T11:06:24","slug":"dr-seidlitz-ingenieurbuero","status":"publish","type":"page","link":"https:\/\/www.dr-seidlitz.de\/wordpress\/","title":{"rendered":"Dr. Seidlitz Ingenieurb\u00fcro"},"content":{"rendered":"<p>[vc_row][vc_column][vc_column_text css_animation=&#8220;left-to-right&#8220;]<\/p>\n<p style=\"text-align: center;\"><span style=\"font-size: 24pt;\">Unterst\u00fctzung und Begleitung bei der Zertifizierung u.a. nach<\/span><\/p>\n<p>[\/vc_column_text][vc_empty_space height=&#8220;50px&#8220;][vc_row_inner][vc_column_inner width=&#8220;1\/4&#8243;][vc_icon type=&#8220;linecons&#8220; icon_linecons=&#8220;vc_li vc_li-settings&#8220; color=&#8220;black&#8220; size=&#8220;xl&#8220; align=&#8220;center&#8220; css_animation=&#8220;appear&#8220;][vc_column_text css_animation=&#8220;appear&#8220;]<\/p>\n<h5 style=\"text-align: center;\"><strong>DIN EN ISO 9001<\/strong><\/h5>\n<p>[\/vc_column_text][\/vc_column_inner][vc_column_inner width=&#8220;1\/4&#8243;][vc_icon type=&#8220;linecons&#8220; icon_linecons=&#8220;vc_li vc_li-settings&#8220; color=&#8220;black&#8220; size=&#8220;xl&#8220; align=&#8220;center&#8220; css_animation=&#8220;appear&#8220;][vc_column_text css_animation=&#8220;appear&#8220;]<\/p>\n<h5 style=\"text-align: center;\"><strong>DIN EN ISO 14001<\/strong><\/h5>\n<p>[\/vc_column_text][\/vc_column_inner][vc_column_inner width=&#8220;1\/4&#8243;][vc_icon type=&#8220;linecons&#8220; icon_linecons=&#8220;vc_li vc_li-settings&#8220; color=&#8220;black&#8220; size=&#8220;xl&#8220; align=&#8220;center&#8220; css_animation=&#8220;appear&#8220;][vc_column_text css_animation=&#8220;appear&#8220;]<\/p>\n<h5 style=\"text-align: center;\"><strong>DIN EN ISO\/IEC 27001<\/strong><\/h5>\n<p>[\/vc_column_text][\/vc_column_inner][vc_column_inner width=&#8220;1\/4&#8243;][vc_icon type=&#8220;linecons&#8220; icon_linecons=&#8220;vc_li vc_li-settings&#8220; color=&#8220;black&#8220; size=&#8220;xl&#8220; align=&#8220;center&#8220; css_animation=&#8220;appear&#8220;][vc_column_text css_animation=&#8220;appear&#8220;]<\/p>\n<h5 style=\"text-align: center;\"><strong>DIN 77200<\/strong><\/h5>\n<p>[\/vc_column_text][\/vc_column_inner][\/vc_row_inner][vc_empty_space height=&#8220;50px&#8220;][\/vc_column][\/vc_row][vc_row][vc_column width=&#8220;1\/4&#8243;][vc_icon type=&#8220;linecons&#8220; icon_linecons=&#8220;vc_li vc_li-settings&#8220; color=&#8220;black&#8220; size=&#8220;xl&#8220; align=&#8220;center&#8220; css_animation=&#8220;appear&#8220;][vc_column_text css_animation=&#8220;appear&#8220;]<\/p>\n<h5 style=\"text-align: center;\"><strong>DIN EN ISO 45001<\/strong><\/h5>\n<p>[\/vc_column_text][\/vc_column][vc_column width=&#8220;1\/4&#8243;][vc_icon type=&#8220;linecons&#8220; icon_linecons=&#8220;vc_li vc_li-settings&#8220; color=&#8220;black&#8220; size=&#8220;xl&#8220; align=&#8220;center&#8220; css_animation=&#8220;appear&#8220;][vc_column_text css_animation=&#8220;appear&#8220;]<\/p>\n<h5 style=\"text-align: center;\"><strong>EMAS \/ SCC \/ CE<\/strong><\/h5>\n<p>[\/vc_column_text][\/vc_column][vc_column width=&#8220;1\/4&#8243;][vc_icon type=&#8220;linecons&#8220; icon_linecons=&#8220;vc_li vc_li-settings&#8220; color=&#8220;black&#8220; size=&#8220;xl&#8220; align=&#8220;center&#8220; css_animation=&#8220;appear&#8220;][vc_column_text css_animation=&#8220;appear&#8220;]<\/p>\n<h5 style=\"text-align: center;\"><strong>DIN 14675<\/strong><\/h5>\n<p>[\/vc_column_text][\/vc_column][vc_column width=&#8220;1\/4&#8243;][vc_icon type=&#8220;linecons&#8220; icon_linecons=&#8220;vc_li vc_li-settings&#8220; color=&#8220;black&#8220; size=&#8220;xl&#8220; align=&#8220;center&#8220; css_animation=&#8220;appear&#8220;][vc_column_text css_animation=&#8220;appear&#8220;]<\/p>\n<h5 style=\"text-align: center;\"><strong>DIN EN 9100<\/strong><\/h5>\n<p>[\/vc_column_text][\/vc_column][\/vc_row][vc_row][vc_column][vc_empty_space height=&#8220;40px&#8220;][\/vc_column][\/vc_row][vc_row][vc_column width=&#8220;1\/3&#8243;][vc_icon type=&#8220;linecons&#8220; icon_linecons=&#8220;vc_li vc_li-settings&#8220; color=&#8220;black&#8220; size=&#8220;xl&#8220; align=&#8220;center&#8220; css_animation=&#8220;appear&#8220;][vc_column_text css_animation=&#8220;appear&#8220;]<\/p>\n<h5 style=\"text-align: center;\"><strong>AZAV<\/strong><\/h5>\n<p>[\/vc_column_text][\/vc_column][vc_column width=&#8220;1\/3&#8243;][vc_icon type=&#8220;linecons&#8220; icon_linecons=&#8220;vc_li vc_li-settings&#8220; color=&#8220;black&#8220; size=&#8220;xl&#8220; align=&#8220;center&#8220; css_animation=&#8220;appear&#8220;][vc_column_text css_animation=&#8220;appear&#8220;]<\/p>\n<h5 style=\"text-align: center;\"><strong>TS 16949<\/strong><\/h5>\n<p>[\/vc_column_text][\/vc_column][vc_column width=&#8220;1\/3&#8243;][vc_icon type=&#8220;linecons&#8220; icon_linecons=&#8220;vc_li vc_li-settings&#8220; color=&#8220;black&#8220; size=&#8220;xl&#8220; align=&#8220;center&#8220; css_animation=&#8220;appear&#8220;][vc_column_text css_animation=&#8220;appear&#8220;]<\/p>\n<h5 style=\"text-align: center;\"><strong>DIN EN ISO 13485<\/strong><\/h5>\n<p>[\/vc_column_text][\/vc_column][\/vc_row][vc_row][vc_column][vc_empty_space height=&#8220;50px&#8220;][vc_column_text css_animation=&#8220;bottom-to-top&#8220;]<\/p>\n<h2 class=\"delay-100ms\" style=\"text-align: center;\"><span style=\"font-size: 24pt;\">Beratung<\/span><\/h2>\n<p>[\/vc_column_text][\/vc_column][vc_column][vc_column_text css_animation=&#8220;left-to-right&#8220;]<\/p>\n<p style=\"text-align: center;\"><span style=\"font-size: 12pt;\">Beim Aufbau und bei der Einf\u00fchrung eines Managementsystems inklusive Erstellung der Dokumentation.<\/span><\/p>\n<p style=\"text-align: center;\"><span style=\"font-size: 12pt;\">Das Ingenieurb\u00fcro Dr. Seidlitz ist aufgrund seiner Fachkompetenz in den Bereichen Management-Beratung, Coaching und Qualifizierung t\u00e4tig.<\/span><\/p>\n<p style=\"text-align: center;\"><span style=\"font-size: 12pt;\">Die Mitarbeit in regionalen und \u00fcberregionalen Netzwerken der Wirtschaft, Politik und Verwaltung schafft Voraussetzungen und Flexibilit\u00e4t f\u00fcr die L\u00f6sung gr\u00f6\u00dferer Beratungsaufgaben aus einer Hand.<\/span><\/p>\n<p style=\"text-align: center;\"><span style=\"font-size: 12pt;\">Das Ingenieurb\u00fcro Dr. Seidlitz arbeitet branchen\u00fcbergreifend f\u00fcr eine Vielzahl von KMU, z.B. aus den Bereichen Maschinenbau, Medizin, Luft- und Raumfahrt, Automotive, Entsorgung, Software-Entwicklung, Engineering \u2026<\/span><\/p>\n<p>[\/vc_column_text][\/vc_column][\/vc_row][vc_row][vc_column][vc_empty_space height=&#8220;50px&#8220;][vc_column_text css_animation=&#8220;bottom-to-top&#8220;]<\/p>\n<h2 class=\"delay-100ms\" style=\"text-align: center;\"><span style=\"font-size: 24pt;\">Seminare<\/span><\/h2>\n<p>[\/vc_column_text][\/vc_column][vc_column][vc_column_text css_animation=&#8220;left-to-right&#8220;]<\/p>\n<p style=\"text-align: center;\"><span style=\"font-size: 12pt;\">Die gro\u00dfe Erfahrungsvielfalt, aus welcher das Ingenieurb\u00fcro Dr. Seidlitz mit seinem Netzwerk sch\u00f6pfen kann, erm\u00f6glicht es, f\u00fcr nahezu alle Fachgebiete und Themen Lehrg\u00e4nge, Seminare und Workshops deutschlandweit oder remote durchzuf\u00fchren.<\/span><\/p>\n<p>[\/vc_column_text][vc_empty_space height=&#8220;80px&#8220;][vc_column_text css_animation=&#8220;bottom-to-top&#8220;]<\/p>\n<h2 style=\"text-align: center;\"><span style=\"font-size: 18pt;\">\u201eQualit\u00e4t bleibt bestehen, wenn der Preis l\u00e4ngst vergessen ist.\u201c<\/span><\/h2>\n<h2 style=\"text-align: center;\"><span style=\"font-size: 18pt;\"><em><span class=\"achtpt\">H. Gordon Selfridge (1858-1947) amerikanischer Kaufmann<\/span><\/em><\/span><\/h2>\n<p>[\/vc_column_text][vc_empty_space height=&#8220;80px&#8220;][vc_column_text css_animation=&#8220;bottom-to-top&#8220;]<\/p>\n<h2 style=\"text-align: center;\"><span style=\"font-size: 18pt;\">\u201eWenn es einen Weg gibt, etwas besser zu machen: finde ihn.\u201c<\/span><\/h2>\n<h2 style=\"text-align: center;\"><span style=\"font-size: 18pt;\"><em><span class=\"achtpt\">Thomas Alva Edison (1847-1931) amerikanischer Erfinder<\/span><\/em><\/span><\/h2>\n<p>[\/vc_column_text][vc_empty_space height=&#8220;80px&#8220;][vc_column_text css_animation=&#8220;bottom-to-top&#8220;]<\/p>\n<h2 style=\"text-align: center;\"><span style=\"font-size: 18pt;\">\u201eQualit\u00e4t bleibt bestehen, wenn der Preis l\u00e4ngst vergessen ist.\u201c<\/span><\/h2>\n<h2 style=\"text-align: center;\"><span style=\"font-size: 18pt;\"><em><span class=\"achtpt\">H. Gordon Selfridge (1858-1947) amerikanischer Kaufmann<\/span><\/em><\/span><\/h2>\n<p>[\/vc_column_text][vc_empty_space height=&#8220;80px&#8220;][vc_column_text css_animation=&#8220;bottom-to-top&#8220;]<\/p>\n<h2 style=\"text-align: center;\"><span style=\"font-size: 18pt;\">\u201eQualit\u00e4t = Wenn der Kunde zur\u00fcckkommt, nicht das Produkt.\u201c<\/span><\/h2>\n<h2 style=\"text-align: center;\"><span style=\"font-size: 18pt;\"><em><span class=\"achtpt\">unbekannt<\/span><\/em><\/span><\/h2>\n<p>[\/vc_column_text][vc_empty_space height=&#8220;80px&#8220;][vc_column_text css_animation=&#8220;left-to-right&#8220;]<\/p>\n<h2 style=\"text-align: center;\"><span style=\"font-size: 12pt;\">Im Auftrag der Qualit\u00e4t unterwegs f\u00fcr Sie.<\/span><\/h2>\n<p>[\/vc_column_text][vc_empty_space height=&#8220;80px&#8220;][vc_btn title=&#8220;Kontaktieren Sie uns!&#8220; color=&#8220;black&#8220; align=&#8220;center&#8220; css_animation=&#8220;appear&#8220; link=&#8220;url:https%3A%2F%2Fwww.dr-seidlitz.de%2Fwordpress%2Fprd-kontakt%2F|title:Kontakt|&#8220;][\/vc_column][\/vc_row][vc_row devn_padding_bottom=&#8220;50&#8243;][vc_column][vc_empty_space height=&#8220;80px&#8220;][vc_column_text]<\/p>\n<h2 style=\"text-align: center;\"><span style=\"font-size: 18pt;\">Ein solides Qualit\u00e4ts-Netzwerk aufzubauen ist ohne starke Partner nicht m\u00f6glich.<\/span><\/h2>\n<p style=\"text-align: center;\">Deshalb arbeiten wir vertrauensvoll mit den genannten Firmen und Institutionen zusammen. Sind auch Sie Partner des Ingenieurb\u00fcros Dr.\u00a0Seidlitz, aber bisher nicht aufgef\u00fchrt, dann senden Sie uns eine <a href=\"mailto:info@dr-seidlitz.de?subject=partner_werden\">eMail<\/a>.<\/p>\n<p>[\/vc_column_text][\/vc_column][\/vc_row][vc_row][vc_column width=&#8220;1\/4&#8243;][\/vc_column][vc_column width=&#8220;1\/4&#8243;][vc_column_text]<img loading=\"lazy\" decoding=\"async\" class=\"wp-image-2806 size-full alignleft\" src=\"https:\/\/www.dr-seidlitz.de\/wordpress\/wp-content\/uploads\/2016\/10\/dgq-1.jpg\" alt=\"Deutsche Gesellschaft f\u00fcr Qualit\u00e4t\" width=\"197\" height=\"111\" \/><\/p>\n<p>&nbsp;<\/p>\n<p>&nbsp;<\/p>\n<p>&nbsp;<\/p>\n<p>&nbsp;<\/p>\n<p style=\"text-align: left;\">Deutsche Gesellschaft<br \/>\nf\u00fcr Qualit\u00e4t e.V. (DGQ)<br \/>\nFrankfurt\/Main<br \/>\n<a href=\"http:\/\/www.dgq.de\" target=\"link\" rel=\"noopener\">www.dgq.de<\/a><\/p>\n<p>&nbsp;[\/vc_column_text][\/vc_column][vc_column width=&#8220;1\/4&#8243;][vc_column_text]<img loading=\"lazy\" decoding=\"async\" class=\"size-full wp-image-2810 aligncenter\" src=\"https:\/\/www.dr-seidlitz.de\/wordpress\/wp-content\/uploads\/2016\/10\/rotarylogo-2.jpg\" alt=\"Rotary International\" width=\"197\" height=\"111\" \/><\/p>\n<p>Rotary Club Kloster Zinna<br \/>\n<a href=\"http:\/\/www.rc-kloster-zinna.de\" target=\"link\" rel=\"noopener\">www.rc-kloster-zinna.de<\/a>[\/vc_column_text][\/vc_column][vc_column width=&#8220;1\/4&#8243;][\/vc_column][\/vc_row][vc_row][vc_column][vc_empty_space height=&#8220;100&#8243;][vc_column_text]<\/p>\n<h3 style=\"text-align: center;\"><span style=\"font-size: 14pt;\">\u00dcbrigens erkennt man gute Qualit\u00e4tsmanagement-Berater manchmal schon am Auto-Kennzeichen:<\/span><\/h3>\n<p>[\/vc_column_text][vc_empty_space height=&#8220;10&#8243;][\/vc_column][\/vc_row][vc_row][vc_column width=&#8220;1\/3&#8243;][vc_column_text]<\/p>\n<p>[\/vc_column_text][\/vc_column][vc_column width=&#8220;1\/2&#8243;][vc_column_text][vc_row][vc_column width=&#8220;1\/1&#8243;][vc_column_text]<img loading=\"lazy\" decoding=\"async\" class=\"wp-image-2924 size-full alignnone\" src=\"https:\/\/www.dr-seidlitz.de\/wordpress\/wp-content\/uploads\/2016\/10\/kennzeichenqm111.jpg\" width=\"300\" height=\"90\" \/><\/p>\n<p>Dr.-Ing. Frank-Roland Seidlitz, Luckenwalde<\/p>\n<p>[\/vc_column_text][vc_empty_space height=&#8220;50&#8243;][\/vc_column][\/vc_row][vc_row][vc_column width=&#8220;1\/4&#8243;][\/vc_column][vc_column width=&#8220;1\/2&#8243;][vc_empty_space height=&#8220;15&#8243;][\/vc_column][\/vc_row][vc_row][vc_column width=&#8220;1\/4&#8243;][\/vc_column][vc_column width=&#8220;1\/2&#8243;][vc_column_text]<\/p>\n<p><img loading=\"lazy\" decoding=\"async\" class=\"aligncenter wp-image-2963 size-full\" src=\"https:\/\/www.dr-seidlitz.de\/wordpress\/wp-content\/uploads\/2016\/10\/Dr.-Seidlitz_Oktober_2016_Auswahl__9-e1727205335430.jpg\" alt=\"Dr. Seidlitz und Partner\" width=\"721\" height=\"743\" srcset=\"https:\/\/www.dr-seidlitz.de\/wordpress\/wp-content\/uploads\/2016\/10\/Dr.-Seidlitz_Oktober_2016_Auswahl__9-e1727205335430.jpg 721w, https:\/\/www.dr-seidlitz.de\/wordpress\/wp-content\/uploads\/2016\/10\/Dr.-Seidlitz_Oktober_2016_Auswahl__9-e1727205335430-291x300.jpg 291w\" sizes=\"auto, (max-width: 721px) 100vw, 721px\" \/><\/p>\n<p>[\/vc_column_text][\/vc_column][vc_column width=&#8220;1\/4&#8243;][\/vc_column][\/vc_row][vc_row][vc_column][vc_column_text]<\/p>\n<p><!-- \/wp:tadv\/classic-paragraph -->[\/vc_column_text][\/vc_column][\/vc_row]<\/p>\n","protected":false},"excerpt":{"rendered":"<p>[vc_row][vc_column][vc_column_text css_animation=&#8220;left-to-right&#8220;] Unterst\u00fctzung und Begleitung bei der Zertifizierung u.a. nach [\/vc_column_text][vc_empty_space height=&#8220;50px&#8220;][vc_row_inner][vc_column_inner width=&#8220;1\/4&#8243;][vc_icon type=&#8220;linecons&#8220; icon_linecons=&#8220;vc_li vc_li-settings&#8220; color=&#8220;black&#8220; size=&#8220;xl&#8220; align=&#8220;center&#8220; css_animation=&#8220;appear&#8220;][vc_column_text css_animation=&#8220;appear&#8220;] DIN EN ISO 9001 [\/vc_column_text][\/vc_column_inner][vc_column_inner width=&#8220;1\/4&#8243;][vc_icon type=&#8220;linecons&#8220; icon_linecons=&#8220;vc_li vc_li-settings&#8220; color=&#8220;black&#8220; size=&#8220;xl&#8220; align=&#8220;center&#8220; css_animation=&#8220;appear&#8220;][vc_column_text css_animation=&#8220;appear&#8220;] DIN EN ISO 14001 [\/vc_column_text][\/vc_column_inner][vc_column_inner width=&#8220;1\/4&#8243;][vc_icon type=&#8220;linecons&#8220; icon_linecons=&#8220;vc_li vc_li-settings&#8220; color=&#8220;black&#8220; size=&#8220;xl&#8220; align=&#8220;center&#8220; css_animation=&#8220;appear&#8220;][vc_column_text css_animation=&#8220;appear&#8220;] DIN EN ISO\/IEC 27001 [\/vc_column_text][\/vc_column_inner][vc_column_inner width=&#8220;1\/4&#8243;][vc_icon [&hellip;]<\/p>\n","protected":false},"author":5,"featured_media":0,"parent":0,"menu_order":0,"comment_status":"closed","ping_status":"closed","template":"","meta":{"footnotes":""},"class_list":["post-3161","page","type-page","status-publish","hentry"],"yoast_head":"<!-- This site is optimized with the Yoast SEO plugin v24.7 - https:\/\/yoast.com\/wordpress\/plugins\/seo\/ -->\n<title>Dr. Seidlitz Ingenieurb\u00fcro - Dr. Seidlitz - Ingenieurb\u00fcro<\/title>\n<meta name=\"robots\" content=\"index, follow, max-snippet:-1, max-image-preview:large, max-video-preview:-1\" \/>\n<link rel=\"canonical\" href=\"https:\/\/www.dr-seidlitz.de\/wordpress\/\" \/>\n<meta property=\"og:locale\" content=\"de_DE\" \/>\n<meta property=\"og:type\" content=\"article\" \/>\n<meta property=\"og:title\" content=\"Dr. Seidlitz Ingenieurb\u00fcro - Dr. Seidlitz - Ingenieurb\u00fcro\" \/>\n<meta property=\"og:description\" content=\"[vc_row][vc_column][vc_column_text css_animation=&#8220;left-to-right&#8220;] Unterst\u00fctzung und Begleitung bei der Zertifizierung u.a. nach [\/vc_column_text][vc_empty_space height=&#8220;50px&#8220;][vc_row_inner][vc_column_inner width=&#8220;1\/4&#8243;][vc_icon type=&#8220;linecons&#8220; icon_linecons=&#8220;vc_li vc_li-settings&#8220; color=&#8220;black&#8220; size=&#8220;xl&#8220; align=&#8220;center&#8220; css_animation=&#8220;appear&#8220;][vc_column_text css_animation=&#8220;appear&#8220;] DIN EN ISO 9001 [\/vc_column_text][\/vc_column_inner][vc_column_inner width=&#8220;1\/4&#8243;][vc_icon type=&#8220;linecons&#8220; icon_linecons=&#8220;vc_li vc_li-settings&#8220; color=&#8220;black&#8220; size=&#8220;xl&#8220; align=&#8220;center&#8220; css_animation=&#8220;appear&#8220;][vc_column_text css_animation=&#8220;appear&#8220;] DIN EN ISO 14001 [\/vc_column_text][\/vc_column_inner][vc_column_inner width=&#8220;1\/4&#8243;][vc_icon type=&#8220;linecons&#8220; icon_linecons=&#8220;vc_li vc_li-settings&#8220; color=&#8220;black&#8220; size=&#8220;xl&#8220; align=&#8220;center&#8220; css_animation=&#8220;appear&#8220;][vc_column_text css_animation=&#8220;appear&#8220;] DIN EN ISO\/IEC 27001 [\/vc_column_text][\/vc_column_inner][vc_column_inner width=&#8220;1\/4&#8243;][vc_icon [&hellip;]\" \/>\n<meta property=\"og:url\" content=\"https:\/\/www.dr-seidlitz.de\/wordpress\/\" \/>\n<meta property=\"og:site_name\" content=\"Dr. Seidlitz - Ingenieurb\u00fcro\" \/>\n<meta property=\"article:modified_time\" content=\"2024-10-02T11:06:24+00:00\" \/>\n<meta property=\"og:image\" content=\"http:\/\/www.dr-seidlitz.de\/wordpress\/wp-content\/uploads\/2016\/10\/dgq-1.jpg\" \/>\n<meta name=\"twitter:card\" content=\"summary_large_image\" \/>\n<meta name=\"twitter:label1\" content=\"Gesch\u00e4tzte Lesezeit\" \/>\n\t<meta name=\"twitter:data1\" content=\"5\u00a0Minuten\" \/>\n<script type=\"application\/ld+json\" class=\"yoast-schema-graph\">{\"@context\":\"https:\/\/schema.org\",\"@graph\":[{\"@type\":\"WebPage\",\"@id\":\"https:\/\/www.dr-seidlitz.de\/wordpress\/\",\"url\":\"https:\/\/www.dr-seidlitz.de\/wordpress\/\",\"name\":\"Dr. Seidlitz Ingenieurb\u00fcro - Dr. Seidlitz - Ingenieurb\u00fcro\",\"isPartOf\":{\"@id\":\"https:\/\/www.dr-seidlitz.de\/wordpress\/#website\"},\"primaryImageOfPage\":{\"@id\":\"https:\/\/www.dr-seidlitz.de\/wordpress\/#primaryimage\"},\"image\":{\"@id\":\"https:\/\/www.dr-seidlitz.de\/wordpress\/#primaryimage\"},\"thumbnailUrl\":\"http:\/\/www.dr-seidlitz.de\/wordpress\/wp-content\/uploads\/2016\/10\/dgq-1.jpg\",\"datePublished\":\"2024-09-23T22:32:33+00:00\",\"dateModified\":\"2024-10-02T11:06:24+00:00\",\"breadcrumb\":{\"@id\":\"https:\/\/www.dr-seidlitz.de\/wordpress\/#breadcrumb\"},\"inLanguage\":\"de\",\"potentialAction\":[{\"@type\":\"ReadAction\",\"target\":[\"https:\/\/www.dr-seidlitz.de\/wordpress\/\"]}]},{\"@type\":\"ImageObject\",\"inLanguage\":\"de\",\"@id\":\"https:\/\/www.dr-seidlitz.de\/wordpress\/#primaryimage\",\"url\":\"http:\/\/www.dr-seidlitz.de\/wordpress\/wp-content\/uploads\/2016\/10\/dgq-1.jpg\",\"contentUrl\":\"http:\/\/www.dr-seidlitz.de\/wordpress\/wp-content\/uploads\/2016\/10\/dgq-1.jpg\"},{\"@type\":\"BreadcrumbList\",\"@id\":\"https:\/\/www.dr-seidlitz.de\/wordpress\/#breadcrumb\",\"itemListElement\":[{\"@type\":\"ListItem\",\"position\":1,\"name\":\"Startseite\",\"item\":\"https:\/\/www.dr-seidlitz.de\/wordpress\/\"},{\"@type\":\"ListItem\",\"position\":2,\"name\":\"Dr. Seidlitz Ingenieurb\u00fcro\"}]},{\"@type\":\"WebSite\",\"@id\":\"https:\/\/www.dr-seidlitz.de\/wordpress\/#website\",\"url\":\"https:\/\/www.dr-seidlitz.de\/wordpress\/\",\"name\":\"Dr. Seidlitz - Ingenieurb\u00fcro\",\"description\":\"Management Beratung Qualifizierung\",\"potentialAction\":[{\"@type\":\"SearchAction\",\"target\":{\"@type\":\"EntryPoint\",\"urlTemplate\":\"https:\/\/www.dr-seidlitz.de\/wordpress\/?s={search_term_string}\"},\"query-input\":{\"@type\":\"PropertyValueSpecification\",\"valueRequired\":true,\"valueName\":\"search_term_string\"}}],\"inLanguage\":\"de\"}]}<\/script>\n<!-- \/ Yoast SEO plugin. -->","yoast_head_json":{"title":"Dr. Seidlitz Ingenieurb\u00fcro - Dr. Seidlitz - Ingenieurb\u00fcro","robots":{"index":"index","follow":"follow","max-snippet":"max-snippet:-1","max-image-preview":"max-image-preview:large","max-video-preview":"max-video-preview:-1"},"canonical":"https:\/\/www.dr-seidlitz.de\/wordpress\/","og_locale":"de_DE","og_type":"article","og_title":"Dr. Seidlitz Ingenieurb\u00fcro - Dr. Seidlitz - Ingenieurb\u00fcro","og_description":"[vc_row][vc_column][vc_column_text css_animation=&#8220;left-to-right&#8220;] Unterst\u00fctzung und Begleitung bei der Zertifizierung u.a. nach [\/vc_column_text][vc_empty_space height=&#8220;50px&#8220;][vc_row_inner][vc_column_inner width=&#8220;1\/4&#8243;][vc_icon type=&#8220;linecons&#8220; icon_linecons=&#8220;vc_li vc_li-settings&#8220; color=&#8220;black&#8220; size=&#8220;xl&#8220; align=&#8220;center&#8220; css_animation=&#8220;appear&#8220;][vc_column_text css_animation=&#8220;appear&#8220;] DIN EN ISO 9001 [\/vc_column_text][\/vc_column_inner][vc_column_inner width=&#8220;1\/4&#8243;][vc_icon type=&#8220;linecons&#8220; icon_linecons=&#8220;vc_li vc_li-settings&#8220; color=&#8220;black&#8220; size=&#8220;xl&#8220; align=&#8220;center&#8220; css_animation=&#8220;appear&#8220;][vc_column_text css_animation=&#8220;appear&#8220;] DIN EN ISO 14001 [\/vc_column_text][\/vc_column_inner][vc_column_inner width=&#8220;1\/4&#8243;][vc_icon type=&#8220;linecons&#8220; icon_linecons=&#8220;vc_li vc_li-settings&#8220; color=&#8220;black&#8220; size=&#8220;xl&#8220; align=&#8220;center&#8220; css_animation=&#8220;appear&#8220;][vc_column_text css_animation=&#8220;appear&#8220;] DIN EN ISO\/IEC 27001 [\/vc_column_text][\/vc_column_inner][vc_column_inner width=&#8220;1\/4&#8243;][vc_icon [&hellip;]","og_url":"https:\/\/www.dr-seidlitz.de\/wordpress\/","og_site_name":"Dr. Seidlitz - Ingenieurb\u00fcro","article_modified_time":"2024-10-02T11:06:24+00:00","og_image":[{"url":"http:\/\/www.dr-seidlitz.de\/wordpress\/wp-content\/uploads\/2016\/10\/dgq-1.jpg","type":"","width":"","height":""}],"twitter_card":"summary_large_image","twitter_misc":{"Gesch\u00e4tzte Lesezeit":"5\u00a0Minuten"},"schema":{"@context":"https:\/\/schema.org","@graph":[{"@type":"WebPage","@id":"https:\/\/www.dr-seidlitz.de\/wordpress\/","url":"https:\/\/www.dr-seidlitz.de\/wordpress\/","name":"Dr. Seidlitz Ingenieurb\u00fcro - Dr. Seidlitz - Ingenieurb\u00fcro","isPartOf":{"@id":"https:\/\/www.dr-seidlitz.de\/wordpress\/#website"},"primaryImageOfPage":{"@id":"https:\/\/www.dr-seidlitz.de\/wordpress\/#primaryimage"},"image":{"@id":"https:\/\/www.dr-seidlitz.de\/wordpress\/#primaryimage"},"thumbnailUrl":"http:\/\/www.dr-seidlitz.de\/wordpress\/wp-content\/uploads\/2016\/10\/dgq-1.jpg","datePublished":"2024-09-23T22:32:33+00:00","dateModified":"2024-10-02T11:06:24+00:00","breadcrumb":{"@id":"https:\/\/www.dr-seidlitz.de\/wordpress\/#breadcrumb"},"inLanguage":"de","potentialAction":[{"@type":"ReadAction","target":["https:\/\/www.dr-seidlitz.de\/wordpress\/"]}]},{"@type":"ImageObject","inLanguage":"de","@id":"https:\/\/www.dr-seidlitz.de\/wordpress\/#primaryimage","url":"http:\/\/www.dr-seidlitz.de\/wordpress\/wp-content\/uploads\/2016\/10\/dgq-1.jpg","contentUrl":"http:\/\/www.dr-seidlitz.de\/wordpress\/wp-content\/uploads\/2016\/10\/dgq-1.jpg"},{"@type":"BreadcrumbList","@id":"https:\/\/www.dr-seidlitz.de\/wordpress\/#breadcrumb","itemListElement":[{"@type":"ListItem","position":1,"name":"Startseite","item":"https:\/\/www.dr-seidlitz.de\/wordpress\/"},{"@type":"ListItem","position":2,"name":"Dr. Seidlitz Ingenieurb\u00fcro"}]},{"@type":"WebSite","@id":"https:\/\/www.dr-seidlitz.de\/wordpress\/#website","url":"https:\/\/www.dr-seidlitz.de\/wordpress\/","name":"Dr. Seidlitz - Ingenieurb\u00fcro","description":"Management Beratung Qualifizierung","potentialAction":[{"@type":"SearchAction","target":{"@type":"EntryPoint","urlTemplate":"https:\/\/www.dr-seidlitz.de\/wordpress\/?s={search_term_string}"},"query-input":{"@type":"PropertyValueSpecification","valueRequired":true,"valueName":"search_term_string"}}],"inLanguage":"de"}]}},"_links":{"self":[{"href":"https:\/\/www.dr-seidlitz.de\/wordpress\/wp-json\/wp\/v2\/pages\/3161","targetHints":{"allow":["GET"]}}],"collection":[{"href":"https:\/\/www.dr-seidlitz.de\/wordpress\/wp-json\/wp\/v2\/pages"}],"about":[{"href":"https:\/\/www.dr-seidlitz.de\/wordpress\/wp-json\/wp\/v2\/types\/page"}],"author":[{"embeddable":true,"href":"https:\/\/www.dr-seidlitz.de\/wordpress\/wp-json\/wp\/v2\/users\/5"}],"replies":[{"embeddable":true,"href":"https:\/\/www.dr-seidlitz.de\/wordpress\/wp-json\/wp\/v2\/comments?post=3161"}],"version-history":[{"count":19,"href":"https:\/\/www.dr-seidlitz.de\/wordpress\/wp-json\/wp\/v2\/pages\/3161\/revisions"}],"predecessor-version":[{"id":3342,"href":"https:\/\/www.dr-seidlitz.de\/wordpress\/wp-json\/wp\/v2\/pages\/3161\/revisions\/3342"}],"wp:attachment":[{"href":"https:\/\/www.dr-seidlitz.de\/wordpress\/wp-json\/wp\/v2\/media?parent=3161"}],"curies":[{"name":"wp","href":"https:\/\/api.w.org\/{rel}","templated":true}]}}