{"id":3191,"date":"2024-09-24T21:46:41","date_gmt":"2024-09-24T19:46:41","guid":{"rendered":"https:\/\/www.dr-seidlitz.de\/wordpress\/?page_id=3191"},"modified":"2024-09-24T21:56:23","modified_gmt":"2024-09-24T19:56:23","slug":"prd-leistungen","status":"publish","type":"page","link":"https:\/\/www.dr-seidlitz.de\/wordpress\/prd-leistungen\/","title":{"rendered":"Leistungen"},"content":{"rendered":"<p>[vc_row devn_padding_bottom=&#8220;50&#8243;][vc_column width=&#8220;1\/2&#8243;][vc_column_text]<\/p>\n<h2 style=\"text-align: left;\">Das Ingenieurb\u00fcro Dr. Seidlitz ist aufgrund seiner Fachkompetenz f\u00fcr mittelst\u00e4ndische Unternehmen in den Bereichen Management-Beratung, Coaching und Qualifizierung t\u00e4tig.<\/h2>\n<p style=\"text-align: left;\">Die Mitarbeit in regionalen und \u00fcberregionalen Netzwerken der Wirtschaft, Politik und Verwaltung schafft Voraussetzungen und Flexibilit\u00e4t f\u00fcr die L\u00f6sung gr\u00f6\u00dferer Beratungsaufgaben aus einer Hand oder Beratungsmandate zu kleineren Teilvorhaben.<\/p>\n<p>[\/vc_column_text][vc_empty_space height=&#8220;50&#8243;][vc_column_text]<\/p>\n<h2>Das Leistungsprofil des Ingenieurb\u00fcros Dr. Seidlitz umfasst:<\/h2>\n<ul>\n<li>Qualit\u00e4tsmanagement<\/li>\n<li>Umweltmanagement<\/li>\n<li>Informationssicherheit<\/li>\n<li>Fachkraft f\u00fcr Arbeitssicherheit<\/li>\n<li>Projektmanagement<\/li>\n<li>Risikomanagement (FMEA\u2026)<\/li>\n<li>Personalentwicklung<\/li>\n<li>Technologieberatung<\/li>\n<li>Forschung<\/li>\n<\/ul>\n<p>[\/vc_column_text][vc_empty_space height=&#8220;50&#8243;][vc_column_text]<\/p>\n<h2>Insbesondere\u00a0 Beratung beim Aufbau und bei der Einf\u00fchrung eines Managementsystems nach:<\/h2>\n<ul>\n<li>DIN EN ISO 9001 (Qualit\u00e4t)<\/li>\n<li>DIN EN ISO 14001 (Umweltmanagement)<\/li>\n<li>DIN EN ISO\/IEC 27001 (Informationssicherheit)<\/li>\n<li>ISO\/TS 16949 (Automotive)<\/li>\n<li>DIN EN 9100 (Luftfahrt)<\/li>\n<li>DIN EN ISO 13485 (Medizinprodukte)<\/li>\n<li>DIN 77200 (Sicherheitsdienste)<\/li>\n<li>DIN EN ISO 45001 (Arbeitsschutz)<\/li>\n<li>DIN 14675 (Brandmeldeanlagen)<\/li>\n<li>EMAS \/ SCC \/ CE usw.<\/li>\n<li>AZAV (Bildungstr\u00e4ger)<\/li>\n<\/ul>\n<p>inclusive Erstellung der Dokumentation[\/vc_column_text][\/vc_column][vc_column width=&#8220;1\/2&#8243;][vc_column_text][\/vc_column_text][\/vc_column][\/vc_row][vc_row][vc_column width=&#8220;1\/2&#8243;][\/vc_column][vc_column width=&#8220;1\/2&#8243;][\/vc_column][\/vc_row][vc_row][vc_column][vc_empty_space height=&#8220;100&#8243;][\/vc_column][\/vc_row][vc_row devn_bg_repeat=&#8220;no-repeat&#8220; devn_row_type=&#8220;parallax&#8220; bg_image=&#8220;2963&#8243;][vc_column][vc_empty_space height=&#8220;1000&#8243;][\/vc_column][\/vc_row]<\/p>\n","protected":false},"excerpt":{"rendered":"<p>[vc_row devn_padding_bottom=&#8220;50&#8243;][vc_column width=&#8220;1\/2&#8243;][vc_column_text] Das Ingenieurb\u00fcro Dr. Seidlitz ist aufgrund seiner Fachkompetenz f\u00fcr mittelst\u00e4ndische Unternehmen in den Bereichen Management-Beratung, Coaching und Qualifizierung t\u00e4tig. Die Mitarbeit in regionalen und \u00fcberregionalen Netzwerken der Wirtschaft, Politik und Verwaltung schafft Voraussetzungen und Flexibilit\u00e4t f\u00fcr die L\u00f6sung gr\u00f6\u00dferer Beratungsaufgaben aus einer Hand oder Beratungsmandate zu kleineren Teilvorhaben. [\/vc_column_text][vc_empty_space height=&#8220;50&#8243;][vc_column_text] Das Leistungsprofil [&hellip;]<\/p>\n","protected":false},"author":4,"featured_media":0,"parent":0,"menu_order":0,"comment_status":"closed","ping_status":"closed","template":"","meta":{"footnotes":""},"class_list":["post-3191","page","type-page","status-publish","hentry"],"yoast_head":"<!-- This site is optimized with the Yoast SEO plugin v24.7 - https:\/\/yoast.com\/wordpress\/plugins\/seo\/ -->\n<title>Leistungen - Dr. Seidlitz - Ingenieurb\u00fcro<\/title>\n<meta name=\"robots\" content=\"index, follow, max-snippet:-1, max-image-preview:large, max-video-preview:-1\" \/>\n<link rel=\"canonical\" href=\"https:\/\/www.dr-seidlitz.de\/wordpress\/prd-leistungen\/\" \/>\n<meta property=\"og:locale\" content=\"de_DE\" \/>\n<meta property=\"og:type\" content=\"article\" \/>\n<meta property=\"og:title\" content=\"Leistungen - Dr. Seidlitz - Ingenieurb\u00fcro\" \/>\n<meta property=\"og:description\" content=\"[vc_row devn_padding_bottom=&#8220;50&#8243;][vc_column width=&#8220;1\/2&#8243;][vc_column_text] Das Ingenieurb\u00fcro Dr. Seidlitz ist aufgrund seiner Fachkompetenz f\u00fcr mittelst\u00e4ndische Unternehmen in den Bereichen Management-Beratung, Coaching und Qualifizierung t\u00e4tig. Die Mitarbeit in regionalen und \u00fcberregionalen Netzwerken der Wirtschaft, Politik und Verwaltung schafft Voraussetzungen und Flexibilit\u00e4t f\u00fcr die L\u00f6sung gr\u00f6\u00dferer Beratungsaufgaben aus einer Hand oder Beratungsmandate zu kleineren Teilvorhaben. [\/vc_column_text][vc_empty_space height=&#8220;50&#8243;][vc_column_text] Das Leistungsprofil [&hellip;]\" \/>\n<meta property=\"og:url\" content=\"https:\/\/www.dr-seidlitz.de\/wordpress\/prd-leistungen\/\" \/>\n<meta property=\"og:site_name\" content=\"Dr. Seidlitz - Ingenieurb\u00fcro\" \/>\n<meta property=\"article:modified_time\" content=\"2024-09-24T19:56:23+00:00\" \/>\n<meta name=\"twitter:card\" content=\"summary_large_image\" \/>\n<script type=\"application\/ld+json\" class=\"yoast-schema-graph\">{\"@context\":\"https:\/\/schema.org\",\"@graph\":[{\"@type\":\"WebPage\",\"@id\":\"https:\/\/www.dr-seidlitz.de\/wordpress\/prd-leistungen\/\",\"url\":\"https:\/\/www.dr-seidlitz.de\/wordpress\/prd-leistungen\/\",\"name\":\"Leistungen - Dr. Seidlitz - Ingenieurb\u00fcro\",\"isPartOf\":{\"@id\":\"https:\/\/www.dr-seidlitz.de\/wordpress\/#website\"},\"datePublished\":\"2024-09-24T19:46:41+00:00\",\"dateModified\":\"2024-09-24T19:56:23+00:00\",\"breadcrumb\":{\"@id\":\"https:\/\/www.dr-seidlitz.de\/wordpress\/prd-leistungen\/#breadcrumb\"},\"inLanguage\":\"de\",\"potentialAction\":[{\"@type\":\"ReadAction\",\"target\":[\"https:\/\/www.dr-seidlitz.de\/wordpress\/prd-leistungen\/\"]}]},{\"@type\":\"BreadcrumbList\",\"@id\":\"https:\/\/www.dr-seidlitz.de\/wordpress\/prd-leistungen\/#breadcrumb\",\"itemListElement\":[{\"@type\":\"ListItem\",\"position\":1,\"name\":\"Startseite\",\"item\":\"https:\/\/www.dr-seidlitz.de\/wordpress\/\"},{\"@type\":\"ListItem\",\"position\":2,\"name\":\"Leistungen\"}]},{\"@type\":\"WebSite\",\"@id\":\"https:\/\/www.dr-seidlitz.de\/wordpress\/#website\",\"url\":\"https:\/\/www.dr-seidlitz.de\/wordpress\/\",\"name\":\"Dr. Seidlitz - Ingenieurb\u00fcro\",\"description\":\"Management Beratung Qualifizierung\",\"potentialAction\":[{\"@type\":\"SearchAction\",\"target\":{\"@type\":\"EntryPoint\",\"urlTemplate\":\"https:\/\/www.dr-seidlitz.de\/wordpress\/?s={search_term_string}\"},\"query-input\":{\"@type\":\"PropertyValueSpecification\",\"valueRequired\":true,\"valueName\":\"search_term_string\"}}],\"inLanguage\":\"de\"}]}<\/script>\n<!-- \/ Yoast SEO plugin. -->","yoast_head_json":{"title":"Leistungen - Dr. Seidlitz - Ingenieurb\u00fcro","robots":{"index":"index","follow":"follow","max-snippet":"max-snippet:-1","max-image-preview":"max-image-preview:large","max-video-preview":"max-video-preview:-1"},"canonical":"https:\/\/www.dr-seidlitz.de\/wordpress\/prd-leistungen\/","og_locale":"de_DE","og_type":"article","og_title":"Leistungen - Dr. Seidlitz - Ingenieurb\u00fcro","og_description":"[vc_row devn_padding_bottom=&#8220;50&#8243;][vc_column width=&#8220;1\/2&#8243;][vc_column_text] Das Ingenieurb\u00fcro Dr. Seidlitz ist aufgrund seiner Fachkompetenz f\u00fcr mittelst\u00e4ndische Unternehmen in den Bereichen Management-Beratung, Coaching und Qualifizierung t\u00e4tig. Die Mitarbeit in regionalen und \u00fcberregionalen Netzwerken der Wirtschaft, Politik und Verwaltung schafft Voraussetzungen und Flexibilit\u00e4t f\u00fcr die L\u00f6sung gr\u00f6\u00dferer Beratungsaufgaben aus einer Hand oder Beratungsmandate zu kleineren Teilvorhaben. [\/vc_column_text][vc_empty_space height=&#8220;50&#8243;][vc_column_text] Das Leistungsprofil [&hellip;]","og_url":"https:\/\/www.dr-seidlitz.de\/wordpress\/prd-leistungen\/","og_site_name":"Dr. Seidlitz - Ingenieurb\u00fcro","article_modified_time":"2024-09-24T19:56:23+00:00","twitter_card":"summary_large_image","schema":{"@context":"https:\/\/schema.org","@graph":[{"@type":"WebPage","@id":"https:\/\/www.dr-seidlitz.de\/wordpress\/prd-leistungen\/","url":"https:\/\/www.dr-seidlitz.de\/wordpress\/prd-leistungen\/","name":"Leistungen - Dr. Seidlitz - Ingenieurb\u00fcro","isPartOf":{"@id":"https:\/\/www.dr-seidlitz.de\/wordpress\/#website"},"datePublished":"2024-09-24T19:46:41+00:00","dateModified":"2024-09-24T19:56:23+00:00","breadcrumb":{"@id":"https:\/\/www.dr-seidlitz.de\/wordpress\/prd-leistungen\/#breadcrumb"},"inLanguage":"de","potentialAction":[{"@type":"ReadAction","target":["https:\/\/www.dr-seidlitz.de\/wordpress\/prd-leistungen\/"]}]},{"@type":"BreadcrumbList","@id":"https:\/\/www.dr-seidlitz.de\/wordpress\/prd-leistungen\/#breadcrumb","itemListElement":[{"@type":"ListItem","position":1,"name":"Startseite","item":"https:\/\/www.dr-seidlitz.de\/wordpress\/"},{"@type":"ListItem","position":2,"name":"Leistungen"}]},{"@type":"WebSite","@id":"https:\/\/www.dr-seidlitz.de\/wordpress\/#website","url":"https:\/\/www.dr-seidlitz.de\/wordpress\/","name":"Dr. Seidlitz - Ingenieurb\u00fcro","description":"Management Beratung Qualifizierung","potentialAction":[{"@type":"SearchAction","target":{"@type":"EntryPoint","urlTemplate":"https:\/\/www.dr-seidlitz.de\/wordpress\/?s={search_term_string}"},"query-input":{"@type":"PropertyValueSpecification","valueRequired":true,"valueName":"search_term_string"}}],"inLanguage":"de"}]}},"_links":{"self":[{"href":"https:\/\/www.dr-seidlitz.de\/wordpress\/wp-json\/wp\/v2\/pages\/3191","targetHints":{"allow":["GET"]}}],"collection":[{"href":"https:\/\/www.dr-seidlitz.de\/wordpress\/wp-json\/wp\/v2\/pages"}],"about":[{"href":"https:\/\/www.dr-seidlitz.de\/wordpress\/wp-json\/wp\/v2\/types\/page"}],"author":[{"embeddable":true,"href":"https:\/\/www.dr-seidlitz.de\/wordpress\/wp-json\/wp\/v2\/users\/4"}],"replies":[{"embeddable":true,"href":"https:\/\/www.dr-seidlitz.de\/wordpress\/wp-json\/wp\/v2\/comments?post=3191"}],"version-history":[{"count":8,"href":"https:\/\/www.dr-seidlitz.de\/wordpress\/wp-json\/wp\/v2\/pages\/3191\/revisions"}],"predecessor-version":[{"id":3318,"href":"https:\/\/www.dr-seidlitz.de\/wordpress\/wp-json\/wp\/v2\/pages\/3191\/revisions\/3318"}],"wp:attachment":[{"href":"https:\/\/www.dr-seidlitz.de\/wordpress\/wp-json\/wp\/v2\/media?parent=3191"}],"curies":[{"name":"wp","href":"https:\/\/api.w.org\/{rel}","templated":true}]}}