{"id":3195,"date":"2024-09-24T21:46:48","date_gmt":"2024-09-24T19:46:48","guid":{"rendered":"https:\/\/www.dr-seidlitz.de\/wordpress\/?page_id=3195"},"modified":"2024-09-24T21:56:42","modified_gmt":"2024-09-24T19:56:42","slug":"prd-referenzen","status":"publish","type":"page","link":"https:\/\/www.dr-seidlitz.de\/wordpress\/prd-referenzen\/","title":{"rendered":"Referenzen"},"content":{"rendered":"<p>[vc_row][vc_column][vc_column_text]<\/p>\n<h2 style=\"text-align: center;\">Das Ingenieurb\u00fcro Dr. Seidlitz arbeitet branchen\u00fcbergreifend f\u00fcr eine Vielzahl von KMU, z.B. aus den Bereichen Maschinenbau, Medizin, Luft- und Raumfahrt, Automotive, Entsorgung, Software-Entwicklung, Engineering \u2026<\/h2>\n<p>[\/vc_column_text][vc_empty_space height=&#8220;50&#8243;][\/vc_column][\/vc_row][vc_row devn_class_container=&#8220;abstand&#8220;][vc_column width=&#8220;1\/4&#8243;][vc_column_text]<img loading=\"lazy\" decoding=\"async\" class=\"alignnone size-medium wp-image-2883\" src=\"https:\/\/www.dr-seidlitz.de\/wordpress\/wp-content\/uploads\/2016\/10\/Aphotheke-300x225.jpg\" alt=\"aphotheke\" width=\"300\" height=\"225\" srcset=\"https:\/\/www.dr-seidlitz.de\/wordpress\/wp-content\/uploads\/2016\/10\/Aphotheke-300x225.jpg 300w, https:\/\/www.dr-seidlitz.de\/wordpress\/wp-content\/uploads\/2016\/10\/Aphotheke.jpg 350w\" sizes=\"auto, (max-width: 300px) 100vw, 300px\" \/><\/p>\n<p>Beim Audit in der L\u00f6wen-Apotheke Luckenwalde<\/p>\n<p><a href=\"http:\/\/www.loewen-apotheke-luckenwalde.de\" target=\"_blank\" rel=\"noopener\">www.loewen-apotheke-luckenwalde.de<\/a>[\/vc_column_text][\/vc_column][vc_column width=&#8220;1\/4&#8243;][vc_column_text]<img loading=\"lazy\" decoding=\"async\" class=\"alignnone size-medium wp-image-2885\" src=\"https:\/\/www.dr-seidlitz.de\/wordpress\/wp-content\/uploads\/2016\/10\/Reuter-300x225.jpg\" alt=\"reuter\" width=\"300\" height=\"225\" srcset=\"https:\/\/www.dr-seidlitz.de\/wordpress\/wp-content\/uploads\/2016\/10\/Reuter-300x225.jpg 300w, https:\/\/www.dr-seidlitz.de\/wordpress\/wp-content\/uploads\/2016\/10\/Reuter.jpg 350w\" sizes=\"auto, (max-width: 300px) 100vw, 300px\" \/><\/p>\n<p>Qualit\u00e4tsmanagement- Audit in der REUTER Manufacturing AG<\/p>\n<p><a href=\"http:\/\/www.reuter-ag.de\" target=\"_blank\" rel=\"noopener\">www.reuter-ag.de<\/a>[\/vc_column_text][\/vc_column][vc_column width=&#8220;1\/4&#8243;][vc_column_text]<img loading=\"lazy\" decoding=\"async\" class=\"alignnone wp-image-3115 size-full\" src=\"https:\/\/www.dr-seidlitz.de\/wordpress\/wp-content\/uploads\/2016\/10\/ways-und-freytag.jpg\" width=\"300\" height=\"225\" \/><\/p>\n<p>SCC-Schulung bei der Wayss &amp; Freytag Ingenieurbau AG Ludwigsfelde<\/p>\n<p><a href=\"https:\/\/www.wf-ib.de\/\" target=\"_blank\" rel=\"noopener\">www.wf-ib.de<\/a>[\/vc_column_text][\/vc_column][vc_column width=&#8220;1\/4&#8243;][vc_column_text]<img loading=\"lazy\" decoding=\"async\" class=\"alignnone size-medium wp-image-2884\" src=\"https:\/\/www.dr-seidlitz.de\/wordpress\/wp-content\/uploads\/2016\/10\/Qualitaetspreis-300x225.jpg\" alt=\"qualitaetspreis\" width=\"300\" height=\"225\" srcset=\"https:\/\/www.dr-seidlitz.de\/wordpress\/wp-content\/uploads\/2016\/10\/Qualitaetspreis-300x225.jpg 300w, https:\/\/www.dr-seidlitz.de\/wordpress\/wp-content\/uploads\/2016\/10\/Qualitaetspreis.jpg 350w\" sizes=\"auto, (max-width: 300px) 100vw, 300px\" \/><\/p>\n<p>Jury-Mitglied beim Qualit\u00e4tspreis Berlin-Brandenburg<\/p>\n<p><a href=\"https:\/\/www.dgq.de\/aktuelles\/news\/qualitatspreis-berlin-brandenburg-geht-in-die-funfte-runde\/?s=Qualit%C3%A4tspreis+Berlin-Brandenburg&amp;submit=Suchen\" target=\"_blank\" rel=\"noopener\">Jurystimme zur Berlin Recycling GmbH<\/a>[\/vc_column_text][\/vc_column][\/vc_row][vc_row][vc_column][vc_empty_space height=&#8220;100&#8243;][vc_column_text]<\/p>\n<p style=\"text-align: center;\">Eine komplette Referenzliste senden wir Ihnen gern auf <a href=\"\/kontakt-seidlitz\/\">Anfrage<\/a> zu.<\/p>\n<p>[\/vc_column_text][vc_empty_space height=&#8220;100&#8243;][\/vc_column][\/vc_row][vc_row devn_bg_repeat=&#8220;no-repeat&#8220; devn_row_type=&#8220;parallax&#8220; bg_image=&#8220;2962&#8243;][vc_column][vc_empty_space height=&#8220;1000&#8243;][\/vc_column][\/vc_row]<\/p>\n","protected":false},"excerpt":{"rendered":"<p>[vc_row][vc_column][vc_column_text] Das Ingenieurb\u00fcro Dr. Seidlitz arbeitet branchen\u00fcbergreifend f\u00fcr eine Vielzahl von KMU, z.B. aus den Bereichen Maschinenbau, Medizin, Luft- und Raumfahrt, Automotive, Entsorgung, Software-Entwicklung, Engineering \u2026 [\/vc_column_text][vc_empty_space height=&#8220;50&#8243;][\/vc_column][\/vc_row][vc_row devn_class_container=&#8220;abstand&#8220;][vc_column width=&#8220;1\/4&#8243;][vc_column_text] Beim Audit in der L\u00f6wen-Apotheke Luckenwalde www.loewen-apotheke-luckenwalde.de[\/vc_column_text][\/vc_column][vc_column width=&#8220;1\/4&#8243;][vc_column_text] Qualit\u00e4tsmanagement- Audit in der REUTER Manufacturing AG www.reuter-ag.de[\/vc_column_text][\/vc_column][vc_column width=&#8220;1\/4&#8243;][vc_column_text] SCC-Schulung bei der Wayss &amp; Freytag Ingenieurbau AG [&hellip;]<\/p>\n","protected":false},"author":4,"featured_media":0,"parent":0,"menu_order":0,"comment_status":"closed","ping_status":"closed","template":"","meta":{"footnotes":""},"class_list":["post-3195","page","type-page","status-publish","hentry"],"yoast_head":"<!-- This site is optimized with the Yoast SEO plugin v24.7 - https:\/\/yoast.com\/wordpress\/plugins\/seo\/ -->\n<title>Referenzen - Dr. Seidlitz - Ingenieurb\u00fcro<\/title>\n<meta name=\"robots\" content=\"index, follow, max-snippet:-1, max-image-preview:large, max-video-preview:-1\" \/>\n<link rel=\"canonical\" href=\"https:\/\/www.dr-seidlitz.de\/wordpress\/prd-referenzen\/\" \/>\n<meta property=\"og:locale\" content=\"de_DE\" \/>\n<meta property=\"og:type\" content=\"article\" \/>\n<meta property=\"og:title\" content=\"Referenzen - Dr. Seidlitz - Ingenieurb\u00fcro\" \/>\n<meta property=\"og:description\" content=\"[vc_row][vc_column][vc_column_text] Das Ingenieurb\u00fcro Dr. Seidlitz arbeitet branchen\u00fcbergreifend f\u00fcr eine Vielzahl von KMU, z.B. aus den Bereichen Maschinenbau, Medizin, Luft- und Raumfahrt, Automotive, Entsorgung, Software-Entwicklung, Engineering \u2026 [\/vc_column_text][vc_empty_space height=&#8220;50&#8243;][\/vc_column][\/vc_row][vc_row devn_class_container=&#8220;abstand&#8220;][vc_column width=&#8220;1\/4&#8243;][vc_column_text] Beim Audit in der L\u00f6wen-Apotheke Luckenwalde www.loewen-apotheke-luckenwalde.de[\/vc_column_text][\/vc_column][vc_column width=&#8220;1\/4&#8243;][vc_column_text] Qualit\u00e4tsmanagement- Audit in der REUTER Manufacturing AG www.reuter-ag.de[\/vc_column_text][\/vc_column][vc_column width=&#8220;1\/4&#8243;][vc_column_text] SCC-Schulung bei der Wayss &amp; Freytag Ingenieurbau AG [&hellip;]\" \/>\n<meta property=\"og:url\" content=\"https:\/\/www.dr-seidlitz.de\/wordpress\/prd-referenzen\/\" \/>\n<meta property=\"og:site_name\" content=\"Dr. Seidlitz - Ingenieurb\u00fcro\" \/>\n<meta property=\"article:modified_time\" content=\"2024-09-24T19:56:42+00:00\" \/>\n<meta property=\"og:image\" content=\"http:\/\/www.dr-seidlitz.de\/wordpress\/wp-content\/uploads\/2016\/10\/Aphotheke-300x225.jpg\" \/>\n<meta name=\"twitter:card\" content=\"summary_large_image\" \/>\n<meta name=\"twitter:label1\" content=\"Gesch\u00e4tzte Lesezeit\" \/>\n\t<meta name=\"twitter:data1\" content=\"2\u00a0Minuten\" \/>\n<script type=\"application\/ld+json\" class=\"yoast-schema-graph\">{\"@context\":\"https:\/\/schema.org\",\"@graph\":[{\"@type\":\"WebPage\",\"@id\":\"https:\/\/www.dr-seidlitz.de\/wordpress\/prd-referenzen\/\",\"url\":\"https:\/\/www.dr-seidlitz.de\/wordpress\/prd-referenzen\/\",\"name\":\"Referenzen - Dr. Seidlitz - Ingenieurb\u00fcro\",\"isPartOf\":{\"@id\":\"https:\/\/www.dr-seidlitz.de\/wordpress\/#website\"},\"primaryImageOfPage\":{\"@id\":\"https:\/\/www.dr-seidlitz.de\/wordpress\/prd-referenzen\/#primaryimage\"},\"image\":{\"@id\":\"https:\/\/www.dr-seidlitz.de\/wordpress\/prd-referenzen\/#primaryimage\"},\"thumbnailUrl\":\"http:\/\/www.dr-seidlitz.de\/wordpress\/wp-content\/uploads\/2016\/10\/Aphotheke-300x225.jpg\",\"datePublished\":\"2024-09-24T19:46:48+00:00\",\"dateModified\":\"2024-09-24T19:56:42+00:00\",\"breadcrumb\":{\"@id\":\"https:\/\/www.dr-seidlitz.de\/wordpress\/prd-referenzen\/#breadcrumb\"},\"inLanguage\":\"de\",\"potentialAction\":[{\"@type\":\"ReadAction\",\"target\":[\"https:\/\/www.dr-seidlitz.de\/wordpress\/prd-referenzen\/\"]}]},{\"@type\":\"ImageObject\",\"inLanguage\":\"de\",\"@id\":\"https:\/\/www.dr-seidlitz.de\/wordpress\/prd-referenzen\/#primaryimage\",\"url\":\"http:\/\/www.dr-seidlitz.de\/wordpress\/wp-content\/uploads\/2016\/10\/Aphotheke-300x225.jpg\",\"contentUrl\":\"http:\/\/www.dr-seidlitz.de\/wordpress\/wp-content\/uploads\/2016\/10\/Aphotheke-300x225.jpg\"},{\"@type\":\"BreadcrumbList\",\"@id\":\"https:\/\/www.dr-seidlitz.de\/wordpress\/prd-referenzen\/#breadcrumb\",\"itemListElement\":[{\"@type\":\"ListItem\",\"position\":1,\"name\":\"Startseite\",\"item\":\"https:\/\/www.dr-seidlitz.de\/wordpress\/\"},{\"@type\":\"ListItem\",\"position\":2,\"name\":\"Referenzen\"}]},{\"@type\":\"WebSite\",\"@id\":\"https:\/\/www.dr-seidlitz.de\/wordpress\/#website\",\"url\":\"https:\/\/www.dr-seidlitz.de\/wordpress\/\",\"name\":\"Dr. Seidlitz - Ingenieurb\u00fcro\",\"description\":\"Management Beratung Qualifizierung\",\"potentialAction\":[{\"@type\":\"SearchAction\",\"target\":{\"@type\":\"EntryPoint\",\"urlTemplate\":\"https:\/\/www.dr-seidlitz.de\/wordpress\/?s={search_term_string}\"},\"query-input\":{\"@type\":\"PropertyValueSpecification\",\"valueRequired\":true,\"valueName\":\"search_term_string\"}}],\"inLanguage\":\"de\"}]}<\/script>\n<!-- \/ Yoast SEO plugin. -->","yoast_head_json":{"title":"Referenzen - Dr. Seidlitz - Ingenieurb\u00fcro","robots":{"index":"index","follow":"follow","max-snippet":"max-snippet:-1","max-image-preview":"max-image-preview:large","max-video-preview":"max-video-preview:-1"},"canonical":"https:\/\/www.dr-seidlitz.de\/wordpress\/prd-referenzen\/","og_locale":"de_DE","og_type":"article","og_title":"Referenzen - Dr. Seidlitz - Ingenieurb\u00fcro","og_description":"[vc_row][vc_column][vc_column_text] Das Ingenieurb\u00fcro Dr. Seidlitz arbeitet branchen\u00fcbergreifend f\u00fcr eine Vielzahl von KMU, z.B. aus den Bereichen Maschinenbau, Medizin, Luft- und Raumfahrt, Automotive, Entsorgung, Software-Entwicklung, Engineering \u2026 [\/vc_column_text][vc_empty_space height=&#8220;50&#8243;][\/vc_column][\/vc_row][vc_row devn_class_container=&#8220;abstand&#8220;][vc_column width=&#8220;1\/4&#8243;][vc_column_text] Beim Audit in der L\u00f6wen-Apotheke Luckenwalde www.loewen-apotheke-luckenwalde.de[\/vc_column_text][\/vc_column][vc_column width=&#8220;1\/4&#8243;][vc_column_text] Qualit\u00e4tsmanagement- Audit in der REUTER Manufacturing AG www.reuter-ag.de[\/vc_column_text][\/vc_column][vc_column width=&#8220;1\/4&#8243;][vc_column_text] SCC-Schulung bei der Wayss &amp; Freytag Ingenieurbau AG [&hellip;]","og_url":"https:\/\/www.dr-seidlitz.de\/wordpress\/prd-referenzen\/","og_site_name":"Dr. Seidlitz - Ingenieurb\u00fcro","article_modified_time":"2024-09-24T19:56:42+00:00","og_image":[{"url":"http:\/\/www.dr-seidlitz.de\/wordpress\/wp-content\/uploads\/2016\/10\/Aphotheke-300x225.jpg","type":"","width":"","height":""}],"twitter_card":"summary_large_image","twitter_misc":{"Gesch\u00e4tzte Lesezeit":"2\u00a0Minuten"},"schema":{"@context":"https:\/\/schema.org","@graph":[{"@type":"WebPage","@id":"https:\/\/www.dr-seidlitz.de\/wordpress\/prd-referenzen\/","url":"https:\/\/www.dr-seidlitz.de\/wordpress\/prd-referenzen\/","name":"Referenzen - Dr. Seidlitz - Ingenieurb\u00fcro","isPartOf":{"@id":"https:\/\/www.dr-seidlitz.de\/wordpress\/#website"},"primaryImageOfPage":{"@id":"https:\/\/www.dr-seidlitz.de\/wordpress\/prd-referenzen\/#primaryimage"},"image":{"@id":"https:\/\/www.dr-seidlitz.de\/wordpress\/prd-referenzen\/#primaryimage"},"thumbnailUrl":"http:\/\/www.dr-seidlitz.de\/wordpress\/wp-content\/uploads\/2016\/10\/Aphotheke-300x225.jpg","datePublished":"2024-09-24T19:46:48+00:00","dateModified":"2024-09-24T19:56:42+00:00","breadcrumb":{"@id":"https:\/\/www.dr-seidlitz.de\/wordpress\/prd-referenzen\/#breadcrumb"},"inLanguage":"de","potentialAction":[{"@type":"ReadAction","target":["https:\/\/www.dr-seidlitz.de\/wordpress\/prd-referenzen\/"]}]},{"@type":"ImageObject","inLanguage":"de","@id":"https:\/\/www.dr-seidlitz.de\/wordpress\/prd-referenzen\/#primaryimage","url":"http:\/\/www.dr-seidlitz.de\/wordpress\/wp-content\/uploads\/2016\/10\/Aphotheke-300x225.jpg","contentUrl":"http:\/\/www.dr-seidlitz.de\/wordpress\/wp-content\/uploads\/2016\/10\/Aphotheke-300x225.jpg"},{"@type":"BreadcrumbList","@id":"https:\/\/www.dr-seidlitz.de\/wordpress\/prd-referenzen\/#breadcrumb","itemListElement":[{"@type":"ListItem","position":1,"name":"Startseite","item":"https:\/\/www.dr-seidlitz.de\/wordpress\/"},{"@type":"ListItem","position":2,"name":"Referenzen"}]},{"@type":"WebSite","@id":"https:\/\/www.dr-seidlitz.de\/wordpress\/#website","url":"https:\/\/www.dr-seidlitz.de\/wordpress\/","name":"Dr. Seidlitz - Ingenieurb\u00fcro","description":"Management Beratung Qualifizierung","potentialAction":[{"@type":"SearchAction","target":{"@type":"EntryPoint","urlTemplate":"https:\/\/www.dr-seidlitz.de\/wordpress\/?s={search_term_string}"},"query-input":{"@type":"PropertyValueSpecification","valueRequired":true,"valueName":"search_term_string"}}],"inLanguage":"de"}]}},"_links":{"self":[{"href":"https:\/\/www.dr-seidlitz.de\/wordpress\/wp-json\/wp\/v2\/pages\/3195","targetHints":{"allow":["GET"]}}],"collection":[{"href":"https:\/\/www.dr-seidlitz.de\/wordpress\/wp-json\/wp\/v2\/pages"}],"about":[{"href":"https:\/\/www.dr-seidlitz.de\/wordpress\/wp-json\/wp\/v2\/types\/page"}],"author":[{"embeddable":true,"href":"https:\/\/www.dr-seidlitz.de\/wordpress\/wp-json\/wp\/v2\/users\/4"}],"replies":[{"embeddable":true,"href":"https:\/\/www.dr-seidlitz.de\/wordpress\/wp-json\/wp\/v2\/comments?post=3195"}],"version-history":[{"count":5,"href":"https:\/\/www.dr-seidlitz.de\/wordpress\/wp-json\/wp\/v2\/pages\/3195\/revisions"}],"predecessor-version":[{"id":3321,"href":"https:\/\/www.dr-seidlitz.de\/wordpress\/wp-json\/wp\/v2\/pages\/3195\/revisions\/3321"}],"wp:attachment":[{"href":"https:\/\/www.dr-seidlitz.de\/wordpress\/wp-json\/wp\/v2\/media?parent=3195"}],"curies":[{"name":"wp","href":"https:\/\/api.w.org\/{rel}","templated":true}]}}