{"id":3197,"date":"2024-09-24T21:46:50","date_gmt":"2024-09-24T19:46:50","guid":{"rendered":"https:\/\/www.dr-seidlitz.de\/wordpress\/?page_id=3197"},"modified":"2024-09-24T21:56:46","modified_gmt":"2024-09-24T19:56:46","slug":"prd-seminare","status":"publish","type":"page","link":"https:\/\/www.dr-seidlitz.de\/wordpress\/prd-seminare\/","title":{"rendered":"Seminare"},"content":{"rendered":"<p>[vc_row devn_class_container=&#8220;abstand&#8220;][vc_column width=&#8220;1\/2&#8243;][vc_column_text]<\/p>\n<h2>\u00a0Seminare und Workshops deutschlandweit<\/h2>\n<p>Die gro\u00dfe Erfahrungsvielfalt und das Wissen, aus welchem das Ing.-B\u00fcro Dr.\u00a0Seidlitz mit seinen Netzwerken sch\u00f6pfen kann, erm\u00f6glicht es, f\u00fcr nahezu alle Fachgebiete und Themen Lehrg\u00e4nge, Seminare und Workshops deutschlandweit durchzuf\u00fchren.<\/p>\n<p>Planm\u00e4\u00dfig werden Lehrg\u00e4nge, Seminare und Workshops (auch inhouse) angeboten. Geeignete Schulungsr\u00e4ume stehen an verschiedenen Orten zur Verf\u00fcgung.<\/p>\n<p>Fragen Sie bei uns an.[\/vc_column_text][\/vc_column][vc_column width=&#8220;1\/2&#8243;][vc_column_text]<img loading=\"lazy\" decoding=\"async\" class=\"alignnone wp-image-2918 size-full\" src=\"https:\/\/www.dr-seidlitz.de\/wordpress\/wp-content\/uploads\/2016\/10\/seidlitz_seminar.jpg\" width=\"600\" height=\"500\" srcset=\"https:\/\/www.dr-seidlitz.de\/wordpress\/wp-content\/uploads\/2016\/10\/seidlitz_seminar.jpg 600w, https:\/\/www.dr-seidlitz.de\/wordpress\/wp-content\/uploads\/2016\/10\/seidlitz_seminar-300x250.jpg 300w\" sizes=\"auto, (max-width: 600px) 100vw, 600px\" \/>[\/vc_column_text][\/vc_column][\/vc_row][vc_row][vc_column][vc_empty_space height=&#8220;200&#8243;][\/vc_column][\/vc_row][vc_row devn_bg_repeat=&#8220;no-repeat&#8220; devn_row_type=&#8220;parallax&#8220; bg_image=&#8220;2961&#8243;][vc_column][vc_empty_space height=&#8220;1000&#8243;][\/vc_column][\/vc_row]<\/p>\n","protected":false},"excerpt":{"rendered":"<p>[vc_row devn_class_container=&#8220;abstand&#8220;][vc_column width=&#8220;1\/2&#8243;][vc_column_text] \u00a0Seminare und Workshops deutschlandweit Die gro\u00dfe Erfahrungsvielfalt und das Wissen, aus welchem das Ing.-B\u00fcro Dr.\u00a0Seidlitz mit seinen Netzwerken sch\u00f6pfen kann, erm\u00f6glicht es, f\u00fcr nahezu alle Fachgebiete und Themen Lehrg\u00e4nge, Seminare und Workshops deutschlandweit durchzuf\u00fchren. Planm\u00e4\u00dfig werden Lehrg\u00e4nge, Seminare und Workshops (auch inhouse) angeboten. Geeignete Schulungsr\u00e4ume stehen an verschiedenen Orten zur Verf\u00fcgung. Fragen [&hellip;]<\/p>\n","protected":false},"author":5,"featured_media":0,"parent":0,"menu_order":0,"comment_status":"closed","ping_status":"closed","template":"","meta":{"footnotes":""},"class_list":["post-3197","page","type-page","status-publish","hentry"],"yoast_head":"<!-- This site is optimized with the Yoast SEO plugin v24.7 - https:\/\/yoast.com\/wordpress\/plugins\/seo\/ -->\n<title>Seminare - Dr. Seidlitz - Ingenieurb\u00fcro<\/title>\n<meta name=\"robots\" content=\"index, follow, max-snippet:-1, max-image-preview:large, max-video-preview:-1\" \/>\n<link rel=\"canonical\" href=\"https:\/\/www.dr-seidlitz.de\/wordpress\/prd-seminare\/\" \/>\n<meta property=\"og:locale\" content=\"de_DE\" \/>\n<meta property=\"og:type\" content=\"article\" \/>\n<meta property=\"og:title\" content=\"Seminare - Dr. Seidlitz - Ingenieurb\u00fcro\" \/>\n<meta property=\"og:description\" content=\"[vc_row devn_class_container=&#8220;abstand&#8220;][vc_column width=&#8220;1\/2&#8243;][vc_column_text] \u00a0Seminare und Workshops deutschlandweit Die gro\u00dfe Erfahrungsvielfalt und das Wissen, aus welchem das Ing.-B\u00fcro Dr.\u00a0Seidlitz mit seinen Netzwerken sch\u00f6pfen kann, erm\u00f6glicht es, f\u00fcr nahezu alle Fachgebiete und Themen Lehrg\u00e4nge, Seminare und Workshops deutschlandweit durchzuf\u00fchren. Planm\u00e4\u00dfig werden Lehrg\u00e4nge, Seminare und Workshops (auch inhouse) angeboten. Geeignete Schulungsr\u00e4ume stehen an verschiedenen Orten zur Verf\u00fcgung. Fragen [&hellip;]\" \/>\n<meta property=\"og:url\" content=\"https:\/\/www.dr-seidlitz.de\/wordpress\/prd-seminare\/\" \/>\n<meta property=\"og:site_name\" content=\"Dr. Seidlitz - Ingenieurb\u00fcro\" \/>\n<meta property=\"article:modified_time\" content=\"2024-09-24T19:56:46+00:00\" \/>\n<meta property=\"og:image\" content=\"http:\/\/www.dr-seidlitz.de\/wordpress\/wp-content\/uploads\/2016\/10\/seidlitz_seminar.jpg\" \/>\n<meta name=\"twitter:card\" content=\"summary_large_image\" \/>\n<meta name=\"twitter:label1\" content=\"Gesch\u00e4tzte Lesezeit\" \/>\n\t<meta name=\"twitter:data1\" content=\"1\u00a0Minute\" \/>\n<script type=\"application\/ld+json\" class=\"yoast-schema-graph\">{\"@context\":\"https:\/\/schema.org\",\"@graph\":[{\"@type\":\"WebPage\",\"@id\":\"https:\/\/www.dr-seidlitz.de\/wordpress\/prd-seminare\/\",\"url\":\"https:\/\/www.dr-seidlitz.de\/wordpress\/prd-seminare\/\",\"name\":\"Seminare - Dr. Seidlitz - Ingenieurb\u00fcro\",\"isPartOf\":{\"@id\":\"https:\/\/www.dr-seidlitz.de\/wordpress\/#website\"},\"primaryImageOfPage\":{\"@id\":\"https:\/\/www.dr-seidlitz.de\/wordpress\/prd-seminare\/#primaryimage\"},\"image\":{\"@id\":\"https:\/\/www.dr-seidlitz.de\/wordpress\/prd-seminare\/#primaryimage\"},\"thumbnailUrl\":\"http:\/\/www.dr-seidlitz.de\/wordpress\/wp-content\/uploads\/2016\/10\/seidlitz_seminar.jpg\",\"datePublished\":\"2024-09-24T19:46:50+00:00\",\"dateModified\":\"2024-09-24T19:56:46+00:00\",\"breadcrumb\":{\"@id\":\"https:\/\/www.dr-seidlitz.de\/wordpress\/prd-seminare\/#breadcrumb\"},\"inLanguage\":\"de\",\"potentialAction\":[{\"@type\":\"ReadAction\",\"target\":[\"https:\/\/www.dr-seidlitz.de\/wordpress\/prd-seminare\/\"]}]},{\"@type\":\"ImageObject\",\"inLanguage\":\"de\",\"@id\":\"https:\/\/www.dr-seidlitz.de\/wordpress\/prd-seminare\/#primaryimage\",\"url\":\"http:\/\/www.dr-seidlitz.de\/wordpress\/wp-content\/uploads\/2016\/10\/seidlitz_seminar.jpg\",\"contentUrl\":\"http:\/\/www.dr-seidlitz.de\/wordpress\/wp-content\/uploads\/2016\/10\/seidlitz_seminar.jpg\"},{\"@type\":\"BreadcrumbList\",\"@id\":\"https:\/\/www.dr-seidlitz.de\/wordpress\/prd-seminare\/#breadcrumb\",\"itemListElement\":[{\"@type\":\"ListItem\",\"position\":1,\"name\":\"Startseite\",\"item\":\"https:\/\/www.dr-seidlitz.de\/wordpress\/\"},{\"@type\":\"ListItem\",\"position\":2,\"name\":\"Seminare\"}]},{\"@type\":\"WebSite\",\"@id\":\"https:\/\/www.dr-seidlitz.de\/wordpress\/#website\",\"url\":\"https:\/\/www.dr-seidlitz.de\/wordpress\/\",\"name\":\"Dr. Seidlitz - Ingenieurb\u00fcro\",\"description\":\"Management Beratung Qualifizierung\",\"potentialAction\":[{\"@type\":\"SearchAction\",\"target\":{\"@type\":\"EntryPoint\",\"urlTemplate\":\"https:\/\/www.dr-seidlitz.de\/wordpress\/?s={search_term_string}\"},\"query-input\":{\"@type\":\"PropertyValueSpecification\",\"valueRequired\":true,\"valueName\":\"search_term_string\"}}],\"inLanguage\":\"de\"}]}<\/script>\n<!-- \/ Yoast SEO plugin. -->","yoast_head_json":{"title":"Seminare - Dr. Seidlitz - Ingenieurb\u00fcro","robots":{"index":"index","follow":"follow","max-snippet":"max-snippet:-1","max-image-preview":"max-image-preview:large","max-video-preview":"max-video-preview:-1"},"canonical":"https:\/\/www.dr-seidlitz.de\/wordpress\/prd-seminare\/","og_locale":"de_DE","og_type":"article","og_title":"Seminare - Dr. Seidlitz - Ingenieurb\u00fcro","og_description":"[vc_row devn_class_container=&#8220;abstand&#8220;][vc_column width=&#8220;1\/2&#8243;][vc_column_text] \u00a0Seminare und Workshops deutschlandweit Die gro\u00dfe Erfahrungsvielfalt und das Wissen, aus welchem das Ing.-B\u00fcro Dr.\u00a0Seidlitz mit seinen Netzwerken sch\u00f6pfen kann, erm\u00f6glicht es, f\u00fcr nahezu alle Fachgebiete und Themen Lehrg\u00e4nge, Seminare und Workshops deutschlandweit durchzuf\u00fchren. Planm\u00e4\u00dfig werden Lehrg\u00e4nge, Seminare und Workshops (auch inhouse) angeboten. Geeignete Schulungsr\u00e4ume stehen an verschiedenen Orten zur Verf\u00fcgung. Fragen [&hellip;]","og_url":"https:\/\/www.dr-seidlitz.de\/wordpress\/prd-seminare\/","og_site_name":"Dr. Seidlitz - Ingenieurb\u00fcro","article_modified_time":"2024-09-24T19:56:46+00:00","og_image":[{"url":"http:\/\/www.dr-seidlitz.de\/wordpress\/wp-content\/uploads\/2016\/10\/seidlitz_seminar.jpg","type":"","width":"","height":""}],"twitter_card":"summary_large_image","twitter_misc":{"Gesch\u00e4tzte Lesezeit":"1\u00a0Minute"},"schema":{"@context":"https:\/\/schema.org","@graph":[{"@type":"WebPage","@id":"https:\/\/www.dr-seidlitz.de\/wordpress\/prd-seminare\/","url":"https:\/\/www.dr-seidlitz.de\/wordpress\/prd-seminare\/","name":"Seminare - Dr. Seidlitz - Ingenieurb\u00fcro","isPartOf":{"@id":"https:\/\/www.dr-seidlitz.de\/wordpress\/#website"},"primaryImageOfPage":{"@id":"https:\/\/www.dr-seidlitz.de\/wordpress\/prd-seminare\/#primaryimage"},"image":{"@id":"https:\/\/www.dr-seidlitz.de\/wordpress\/prd-seminare\/#primaryimage"},"thumbnailUrl":"http:\/\/www.dr-seidlitz.de\/wordpress\/wp-content\/uploads\/2016\/10\/seidlitz_seminar.jpg","datePublished":"2024-09-24T19:46:50+00:00","dateModified":"2024-09-24T19:56:46+00:00","breadcrumb":{"@id":"https:\/\/www.dr-seidlitz.de\/wordpress\/prd-seminare\/#breadcrumb"},"inLanguage":"de","potentialAction":[{"@type":"ReadAction","target":["https:\/\/www.dr-seidlitz.de\/wordpress\/prd-seminare\/"]}]},{"@type":"ImageObject","inLanguage":"de","@id":"https:\/\/www.dr-seidlitz.de\/wordpress\/prd-seminare\/#primaryimage","url":"http:\/\/www.dr-seidlitz.de\/wordpress\/wp-content\/uploads\/2016\/10\/seidlitz_seminar.jpg","contentUrl":"http:\/\/www.dr-seidlitz.de\/wordpress\/wp-content\/uploads\/2016\/10\/seidlitz_seminar.jpg"},{"@type":"BreadcrumbList","@id":"https:\/\/www.dr-seidlitz.de\/wordpress\/prd-seminare\/#breadcrumb","itemListElement":[{"@type":"ListItem","position":1,"name":"Startseite","item":"https:\/\/www.dr-seidlitz.de\/wordpress\/"},{"@type":"ListItem","position":2,"name":"Seminare"}]},{"@type":"WebSite","@id":"https:\/\/www.dr-seidlitz.de\/wordpress\/#website","url":"https:\/\/www.dr-seidlitz.de\/wordpress\/","name":"Dr. Seidlitz - Ingenieurb\u00fcro","description":"Management Beratung Qualifizierung","potentialAction":[{"@type":"SearchAction","target":{"@type":"EntryPoint","urlTemplate":"https:\/\/www.dr-seidlitz.de\/wordpress\/?s={search_term_string}"},"query-input":{"@type":"PropertyValueSpecification","valueRequired":true,"valueName":"search_term_string"}}],"inLanguage":"de"}]}},"_links":{"self":[{"href":"https:\/\/www.dr-seidlitz.de\/wordpress\/wp-json\/wp\/v2\/pages\/3197","targetHints":{"allow":["GET"]}}],"collection":[{"href":"https:\/\/www.dr-seidlitz.de\/wordpress\/wp-json\/wp\/v2\/pages"}],"about":[{"href":"https:\/\/www.dr-seidlitz.de\/wordpress\/wp-json\/wp\/v2\/types\/page"}],"author":[{"embeddable":true,"href":"https:\/\/www.dr-seidlitz.de\/wordpress\/wp-json\/wp\/v2\/users\/5"}],"replies":[{"embeddable":true,"href":"https:\/\/www.dr-seidlitz.de\/wordpress\/wp-json\/wp\/v2\/comments?post=3197"}],"version-history":[{"count":3,"href":"https:\/\/www.dr-seidlitz.de\/wordpress\/wp-json\/wp\/v2\/pages\/3197\/revisions"}],"predecessor-version":[{"id":3322,"href":"https:\/\/www.dr-seidlitz.de\/wordpress\/wp-json\/wp\/v2\/pages\/3197\/revisions\/3322"}],"wp:attachment":[{"href":"https:\/\/www.dr-seidlitz.de\/wordpress\/wp-json\/wp\/v2\/media?parent=3197"}],"curies":[{"name":"wp","href":"https:\/\/api.w.org\/{rel}","templated":true}]}}